{"id":18,"date":"2017-06-15T23:14:50","date_gmt":"2017-06-15T23:14:50","guid":{"rendered":"http:\/\/feup.org\/web\/?page_id=1112"},"modified":"2024-10-08T17:21:57","modified_gmt":"2024-10-08T17:21:57","slug":"como-crear-una-universidad-popular","status":"publish","type":"page","link":"https:\/\/feup.org\/web\/como-crear-una-universidad-popular\/","title":{"rendered":"C\u00f3mo crear una Universidad Popular"},"content":{"rendered":"<h1><span style=\"color: #b80909;\"><strong>\u00bfC\u00f3mo crear una Universidad Popular?<\/strong><\/span><\/h1>\n<p class=\"p4\"><span class=\"s1\">Las UU.PP. son unas experiencias desarrolladas en distintos puntos de la geograf\u00eda espa\u00f1ola, que comparten un mismo enfoque y orientaci\u00f3n, y est\u00e1n organizadas en Red, con unas Asociaciones Territoriales, en el \u00e1mbito regional, provincial, insular o comarcal y una Federaci\u00f3n, en el \u00e1mbito nacional, como elemento aglutinador y coordinador.<\/span>\u00a0Tienen como objetivo prioritario facilitar el acceso, de todas las personas, a la educaci\u00f3n, formaci\u00f3n y a los bienes culturales en sus respectivas comunidades.<\/p>\n<p class=\"p4\">\u00a1A continuaci\u00f3n te damos algunas \u00abclaves\u00bb sobre c\u00f3mo ponerla en marcha!<\/p>\n<section class=\"columns\">\n<article class=\"col col3\">\n<h3><span class=\"fa-stack fa-lg\"><i class=\"fa fa-circle fa-stack-2x\" style=\"color: #ff8400\"><\/i><i class=\"fa fa-thumbs-up fa-stack-1x\" style=\"color: #ffffff\"><\/i><\/span>\u00a0<a href=\"https:\/\/feup.org\/web\/como-crear-una-u-p\/\">\u00bfC\u00f3mo crear una U.P.?<\/a><\/h3>\n<p>Existen varios modelos para la creaci\u00f3n de una U.P: por iniciativa municipal o por iniciativa social. Modelos que responden a las necesidades de la ciudadan\u00eda.<\/p>\n<p class=\"more\"><a href=\"#\"><a href=\"https:\/\/feup.org\/web\/como-crear-una-u-p\/\">Leer m\u00e1s<\/a><\/a><\/p><\/article>\n<article class=\"col col3\">\n<h3><span class=\"fa-stack fa-lg\"><i class=\"fa fa-circle fa-stack-2x\" style=\"color: #ff8400\"><\/i><i class=\"fa fa-camera fa-stack-1x\" style=\"color: #ffffff\"><\/i><\/span>\u00a0<a href=\"https:\/\/feup.org\/web\/como-programar-una-u-p\/\">\u00bfC\u00f3mo programar en una U.P.?<\/a><\/h3>\n<p>Programar para\u00a0superar las faltas de oportunidad y responder a la evoluci\u00f3n acelerada a las transformaciones socioculturales y econ\u00f3micas.<\/p>\n<p class=\"more\"><a href=\"#\"><a href=\"https:\/\/feup.org\/web\/como-programar-en-una-u-p\/\">Leer m\u00e1s<\/a><\/a><\/p><\/article>\n<article class=\"col col3\">\n<h3><span class=\"fa-stack fa-lg\"><i class=\"fa fa-circle fa-stack-2x\" style=\"color: #ff8400\"><\/i><i class=\"fa fa-search fa-stack-1x\" style=\"color: #ffffff\"><\/i><\/span> <a href=\"https:\/\/feup.org\/web\/itinerario-formativo-u-p\/\">Itinerario formativo de una U.P.<\/a><\/h3>\n<p><span class=\"s1\">La oferta formativa de la U.P. es un proceso global, integrador y flexible para facilitar el desarrollo personal, la creatividad, la participaci\u00f3n social y la relaci\u00f3n con el entorno.<\/span><\/p>\n<p class=\"more\"><a href=\"#\"><a href=\"https:\/\/feup.org\/web\/itinerario-formativo-u-p\/\">Leer m\u00e1s<\/a><\/a><\/p><\/article>\n<\/section>\n","protected":false},"excerpt":{"rendered":"<p>\u00bfC\u00f3mo crear una Universidad Popular? Las UU.PP. son unas experiencias desarrolladas en distintos puntos de la geograf\u00eda espa\u00f1ola, que comparten un mismo enfoque y orientaci\u00f3n, y est\u00e1n organizadas en Red, con unas Asociaciones Territoriales, en el \u00e1mbito regional, provincial, insular o comarcal y una Federaci\u00f3n, en el \u00e1mbito nacional, como elemento aglutinador y coordinador.\u00a0Tienen como [&hellip;]<\/p>\n","protected":false},"author":1,"featured_media":0,"parent":0,"menu_order":0,"comment_status":"0","ping_status":"closed","template":"","meta":{"footnotes":""},"class_list":["post-18","page","type-page","status-publish","hentry"],"_links":{"self":[{"href":"https:\/\/feup.org\/web\/wp-json\/wp\/v2\/pages\/18","targetHints":{"allow":["GET"]}}],"collection":[{"href":"https:\/\/feup.org\/web\/wp-json\/wp\/v2\/pages"}],"about":[{"href":"https:\/\/feup.org\/web\/wp-json\/wp\/v2\/types\/page"}],"author":[{"embeddable":true,"href":"https:\/\/feup.org\/web\/wp-json\/wp\/v2\/users\/1"}],"replies":[{"embeddable":true,"href":"https:\/\/feup.org\/web\/wp-json\/wp\/v2\/comments?post=18"}],"version-history":[{"count":3,"href":"https:\/\/feup.org\/web\/wp-json\/wp\/v2\/pages\/18\/revisions"}],"predecessor-version":[{"id":5148,"href":"https:\/\/feup.org\/web\/wp-json\/wp\/v2\/pages\/18\/revisions\/5148"}],"wp:attachment":[{"href":"https:\/\/feup.org\/web\/wp-json\/wp\/v2\/media?parent=18"}],"curies":[{"name":"wp","href":"https:\/\/api.w.org\/{rel}","templated":true}]}}