{"id":20,"date":"2017-06-15T23:10:35","date_gmt":"2017-06-15T23:10:35","guid":{"rendered":"http:\/\/feup.org\/web\/?page_id=1108"},"modified":"2022-03-23T22:09:24","modified_gmt":"2022-03-23T22:09:24","slug":"estrategias-y-recursos","status":"publish","type":"page","link":"https:\/\/feup.org\/web\/estrategias-y-recursos\/","title":{"rendered":"Estrategias y recursos"},"content":{"rendered":"<h1><span style=\"color: #b80909;\"><strong>Estrategias y recursos<\/strong><\/span><\/h1>\n<p>&nbsp;<\/p>\n<h2 class=\"p1\"><span class=\"s1\"><b>Pol\u00edtica organizativa<\/b><\/span><\/h2>\n<p class=\"p3\"><span class=\"s1\">Las pol\u00edticas organizativas definen cu\u00e1l es el estilo y actitudes de la organizaci\u00f3n y el sistema de valores con las que se act\u00faa:<\/span><\/p>\n\n<ul class=\"tick\">\n<li>La globalidad, coherencia y homogeneidad.<\/li>\n<li>\n<p class=\"p4\"><span class=\"s1\">La participaci\u00f3n.<\/span><\/p>\n<\/li>\n<li>\n<p class=\"p4\"><span class=\"s1\">La rentabilizaci\u00f3n de los recursos propios y los ajenos disponibles.<\/span><\/p>\n<\/li>\n<li>\n<p class=\"p4\"><span class=\"s1\">La agilidad en la acci\u00f3n y la flexibilidad en los m\u00e9todos de control, coordinaci\u00f3n, seguimiento y evaluaci\u00f3n continua.<\/span><\/p>\n<\/li>\n<li>\n<p class=\"p4\"><span class=\"s1\">La planificaci\u00f3n realista.<\/span><\/p>\n<\/li>\n<\/ul>\n\n<p class=\"p5\">\n<p class=\"p5\"><div class=\"divider d2\"><\/div>\n<section class=\"columns\">\n<article class=\"col col4\">\n<h2><\/h2>\n<h2><span class=\"s1\"><b>Estrategia metodol\u00f3gica<\/b><\/span><\/h2>\n<p class=\"p1\"><span class=\"s1\">Las UU.PP. parten de una concepci\u00f3n del <b>aprendizaje dirigido al cambio <\/b>trav\u00e9s de estrategias metodol\u00f3gicas de <b>intervenci\u00f3n sociocultural.<\/b><\/span><\/p><\/article>\n<article class=\"col col34\">\n<p><span class=\"s1\">Para ello, las UUPP estructuran sus programaciones en las siguientes etapas:<\/span><\/p>\n<p class=\"p1\">\n<ul class=\"tick\">\n<li><b>Un an\u00e1lisis de la realidad de su comunidad,<\/b> el objetivo es detectar las necesidades de intervenci\u00f3n educativa, colectivos destinatarios y sus caracter\u00edsticas.<\/li>\n<li>\n<p class=\"p1\"><span class=\"s1\"><b>Elaboraci\u00f3n de proyectos, <\/b>donde se define qu\u00e9, c\u00f3mo y cu\u00e1ndo se va a hacer, lo suficientemente flexible para adaptarse a la realidad.<\/span><\/p>\n<\/li>\n<li>\n<p class=\"p1\"><span class=\"s1\"><b>B\u00fasqueda y racionalizaci\u00f3n de recursos<\/b>, tanto de la localidad como de<span class=\"Apple-converted-space\">\u00a0 <\/span>la<span class=\"Apple-converted-space\">\u00a0 <\/span>UP en cuestiones de financiaci\u00f3n, recursos materiales, espacios y humanos. <\/span><\/p>\n<\/li>\n<li>\n<p class=\"p1\"><span class=\"s1\"><b>Proceso de captaci\u00f3n y motivaci\u00f3n, <\/b>priorizando las actividades foco de motivaci\u00f3n de las personas participantes para formar grupos de trabajo.<\/span><\/p>\n<\/li>\n<li>\n<p class=\"p1\"><span class=\"s1\"><b>Desarrollo de procesos de capacitaci\u00f3n, <\/b>y de aprendizaje de determinados contenidos, prestando atenci\u00f3n a la interelaci\u00f3n grupal.<\/span><\/p>\n<\/li>\n<li>\n<p class=\"p1\"><span class=\"s1\"><b>Procesos de participaci\u00f3n y autoorganizaci\u00f3n, <\/b>con el objetivo de que las personas y grupos adquieran mayor autonom\u00eda.<\/span><\/p>\n<\/li>\n<li>\n<p class=\"p1\"><span class=\"s1\"><b>Creaci\u00f3n de espacios de intercambio y expresi\u00f3n<\/b>, para la convivencia, la reflexi\u00f3n cr\u00edtica, el desarrollo de\u00a0<\/span><span class=\"s1\">metas y acciones comunes y la posibilidad de proyecci\u00f3n social y cultural.<\/span><\/p>\n<\/li>\n<\/ul><\/article>\n<\/section>\n<p class=\"p1\"><div class=\"divider d2\"><\/div>\n","protected":false},"excerpt":{"rendered":"<p>Estrategias y recursos &nbsp; Pol\u00edtica organizativa Las pol\u00edticas organizativas definen cu\u00e1l es el estilo y actitudes de la organizaci\u00f3n y el sistema de valores con las que se act\u00faa:<\/p>\n","protected":false},"author":1,"featured_media":0,"parent":0,"menu_order":0,"comment_status":"0","ping_status":"closed","template":"","meta":{"footnotes":""},"class_list":["post-20","page","type-page","status-publish","hentry"],"_links":{"self":[{"href":"https:\/\/feup.org\/web\/wp-json\/wp\/v2\/pages\/20","targetHints":{"allow":["GET"]}}],"collection":[{"href":"https:\/\/feup.org\/web\/wp-json\/wp\/v2\/pages"}],"about":[{"href":"https:\/\/feup.org\/web\/wp-json\/wp\/v2\/types\/page"}],"author":[{"embeddable":true,"href":"https:\/\/feup.org\/web\/wp-json\/wp\/v2\/users\/1"}],"replies":[{"embeddable":true,"href":"https:\/\/feup.org\/web\/wp-json\/wp\/v2\/comments?post=20"}],"version-history":[{"count":1,"href":"https:\/\/feup.org\/web\/wp-json\/wp\/v2\/pages\/20\/revisions"}],"predecessor-version":[{"id":47,"href":"https:\/\/feup.org\/web\/wp-json\/wp\/v2\/pages\/20\/revisions\/47"}],"wp:attachment":[{"href":"https:\/\/feup.org\/web\/wp-json\/wp\/v2\/media?parent=20"}],"curies":[{"name":"wp","href":"https:\/\/api.w.org\/{rel}","templated":true}]}}