{"id":32,"date":"2017-06-15T23:06:04","date_gmt":"2017-06-15T23:06:04","guid":{"rendered":"http:\/\/feup.org\/web\/?page_id=1103"},"modified":"2022-03-23T22:09:27","modified_gmt":"2022-03-23T22:09:27","slug":"feup","status":"publish","type":"page","link":"https:\/\/feup.org\/web\/feup\/","title":{"rendered":"FEUP"},"content":{"rendered":"<h1><span style=\"color: #b80909;\"><strong>FEUP<\/strong><\/span><\/h1>\n<p>La FEUP es la <strong>Federaci\u00f3n Espa\u00f1ola de Universidades Populares<\/strong>, est\u00e1 est\u00e1 constituida por <strong>231 Universidades Populares<\/strong>, es el \u00f3rgano representativo de las UU.PP. en los \u00e1mbitos nacional e internacional y defiende los intereses comunes del Proyecto.<\/p>\n<ul>\n<li>La Federaci\u00f3n Espa\u00f1ola de Universidades Populares es un punto de encuentro para el intercambio de experiencias, sistematizaci\u00f3n, reflexi\u00f3n, producci\u00f3n te\u00f3rica y comunicaci\u00f3n colectiva entre las Universidades Populares, las Asociaciones de Universidades Populares y de todos cuantos forman parte de las mismas -representantes institucionales, t\u00e9cnicos y los propios participantes.<\/li>\n<li>La Federaci\u00f3n Espa\u00f1ola de Universidades Populares como \u00f3rgano representativo de las Universidades Populares espa\u00f1olas, fue fundada en 1.982. Es una asociaci\u00f3n sin \u00e1nimo de lucro, con sede en Madrid.<\/li>\n<li>La FEUP se financia a trav\u00e9s de proyectos subvencionados por diferentes instituciones p\u00fablicas: <a href=\"https:\/\/www.mecd.gob.es\/portada-mecd\/\">Ministerio de Educaci\u00f3n, Cultura y Deporte<\/a>, <a href=\"http:\/\/www.empleo.gob.es\/index.htm\">Ministerio de Empleo y Seguridad Social<\/a>, <a href=\"https:\/\/ec.europa.eu\/commission\/index_es\">Comisi\u00f3n de las Comunidades Europeas<\/a>, entre otras; por la prestaci\u00f3n de servicios a organizaciones e instituciones, as\u00ed como por las cuotas asignadas de las Universidades Populares asociadas.<\/li>\n<li>Colabora tambi\u00e9n con otras organizaciones no gubernamentales de \u00e1mbito nacional e internacional en proyectos concretos.<\/li>\n<li>La FEUP es la organizaci\u00f3n espa\u00f1ola ante el <a href=\"http:\/\/www.icae2.org\/index.php\/es\/\">Consejo Internacional de Educaci\u00f3n de Adultos -ICAE-<\/a> y es miembro de la <a href=\"http:\/\/www.eaea.org\/\">Asociaci\u00f3n Europea de Educaci\u00f3n de Adultos -EAEA.<\/a><\/li>\n<\/ul>\n<p class=\"p2\"><span class=\"s1\">La FEUP combina acciones a nivel local, regional, nacional e internacional. Tiene amplia experiencia en la planificaci\u00f3n, ejecuci\u00f3n y seguimiento de proyectos de car\u00e1cter nacional, como por ejemplo, programas con el Ministerio de Trabajo y Asuntos Sociales, el Ministerio de Educaci\u00f3n, Cultura y Deporte\u2026, en la realizaci\u00f3n de seminarios de intercambio de experiencias, sistematizaci\u00f3n de buenas pr\u00e1cticas, elaboraci\u00f3n te\u00f3rica y formaci\u00f3n de formadores de UU.PP,\u2026<\/span><\/p>\n<p class=\"p2\"><span class=\"s1\">La FEUP es miembro de la Comisi\u00f3n Ejecutiva (Board) de la <b>Asociaci\u00f3n Europea de Educaci\u00f3n de Personas Adultas<\/b> (EAEA), que cuenta con 120 organizaciones de 41 pa\u00edses europeos, que atienden a 50.000.000 de personas. <\/span><\/p>\n<p class=\"p2\"><span class=\"s1\">Forma parte del <b>Consejo Internacional de Educaci\u00f3n de Personas Adultas<\/b> (ICAE), en donde est\u00e1n integradas organizaciones de educaci\u00f3n de personas adultas de las cinco regiones mundiales.<\/span><\/p>\n<p class=\"p2\"><span class=\"s1\">La FEUP informa y asesora sobre el campo de trabajo del Proyecto de Universidades Populares espa\u00f1olas. Este proyecto contempla los procesos de <b>valoraci\u00f3n y de evaluaci\u00f3n continua<\/b>, adaptando sus ofertas educativas, formativas y culturales a las necesidades, intereses y potencialidades de las personas y las comunidades, con el objetivo de <b>mejorar la calidad de vida<\/b> de las mismas.<\/span><\/p>\n<p class=\"p2\"><span class=\"s1\">Las Universidades Populares en Espa\u00f1a (UU.PP) han desarrollado sus actividades en un amplio marco:<\/span><\/p>\n<ul class=\"ul1\">\n<li style=\"list-style-type: none;\">\n<ul class=\"ul1\">\n<li class=\"li4\"><span class=\"s2\">Educaci\u00f3n<\/span><\/li>\n<li class=\"li4\"><span class=\"s2\">Formaci\u00f3n General <\/span><\/li>\n<li class=\"li4\"><span class=\"s2\">Formaci\u00f3n para el empleo<\/span><\/li>\n<li class=\"li4\"><span class=\"s2\">Actividades Culturales <\/span><\/li>\n<li class=\"li4\"><span class=\"s2\">Temas Transversales.<\/span><\/li>\n<\/ul>\n<\/li>\n<\/ul>\n<p class=\"p2\"><span class=\"s1\">En el \u00e1mbito nacional\/europeo\/internacional la FEUP, en la actualidad, <b>realiza proyectos con m\u00faltiples organizaciones<\/b> especializadas en la educaci\u00f3n de personas adultas y el aprendizaje a lo largo de la vida, tales como: UNESCO, EAEA, NIACE \u2013 en U.K, IIZ-DVV \u2013 Alemania, FAEA \u2013 Finlandia, Universidades Populares de Hungr\u00eda, Francia.<\/span><\/p>\n<p class=\"p2\"><span class=\"s1\">La red de Universidades Populares <b>facilita el acceso a la educaci\u00f3n y formaci\u00f3n<\/b> a ciudadanos y ciudadanas de todas las condiciones y edades, y contribuye a la igualdad entre mujeres y hombres, la convivencia intercultural y a la ciudadan\u00eda democr\u00e1tica activa.<\/span><\/p>\n<p class=\"p2\"><span class=\"s1\">La FEUP, mediante el apoyo al <b>trabajo en red <\/b>de las Universidades Populares Espa\u00f1olas hace avanzar el proyecto de las Universidades Populares como un necesario y experimentado modelo de educaci\u00f3n de personas adultas y ha sido en el siglo XX y es una de las m\u00e1s destacadas y ricas experiencias de educaci\u00f3n y aprendizaje a lo largo de la vida del siglo XXI.<\/span><\/p>\n","protected":false},"excerpt":{"rendered":"<p>FEUP La FEUP es la Federaci\u00f3n Espa\u00f1ola de Universidades Populares, est\u00e1 est\u00e1 constituida por 231 Universidades Populares, es el \u00f3rgano representativo de las UU.PP. en los \u00e1mbitos nacional e internacional y defiende los intereses comunes del Proyecto. La Federaci\u00f3n Espa\u00f1ola de Universidades Populares es un punto de encuentro para el intercambio de experiencias, sistematizaci\u00f3n, reflexi\u00f3n, [&hellip;]<\/p>\n","protected":false},"author":1,"featured_media":0,"parent":0,"menu_order":0,"comment_status":"0","ping_status":"closed","template":"","meta":{"footnotes":""},"class_list":["post-32","page","type-page","status-publish","hentry"],"_links":{"self":[{"href":"https:\/\/feup.org\/web\/wp-json\/wp\/v2\/pages\/32","targetHints":{"allow":["GET"]}}],"collection":[{"href":"https:\/\/feup.org\/web\/wp-json\/wp\/v2\/pages"}],"about":[{"href":"https:\/\/feup.org\/web\/wp-json\/wp\/v2\/types\/page"}],"author":[{"embeddable":true,"href":"https:\/\/feup.org\/web\/wp-json\/wp\/v2\/users\/1"}],"replies":[{"embeddable":true,"href":"https:\/\/feup.org\/web\/wp-json\/wp\/v2\/comments?post=32"}],"version-history":[{"count":1,"href":"https:\/\/feup.org\/web\/wp-json\/wp\/v2\/pages\/32\/revisions"}],"predecessor-version":[{"id":55,"href":"https:\/\/feup.org\/web\/wp-json\/wp\/v2\/pages\/32\/revisions\/55"}],"wp:attachment":[{"href":"https:\/\/feup.org\/web\/wp-json\/wp\/v2\/media?parent=32"}],"curies":[{"name":"wp","href":"https:\/\/api.w.org\/{rel}","templated":true}]}}