{"id":33,"date":"2017-06-15T23:09:35","date_gmt":"2017-06-15T23:09:35","guid":{"rendered":"http:\/\/feup.org\/web\/?page_id=1107"},"modified":"2022-03-23T22:09:27","modified_gmt":"2022-03-23T22:09:27","slug":"fines-y-objetivos","status":"publish","type":"page","link":"https:\/\/feup.org\/web\/fines-y-objetivos\/","title":{"rendered":"Fines y objetivos"},"content":{"rendered":"<h1><span style=\"color: #b80909;\"><strong>Fines y objetivos<\/strong><\/span><\/h1>\n<p>La FEUP representa las <strong>Universidades Populares y las Asociaciones Territoriales de Universidades Populares<\/strong> (ATUP) como <strong>espacio de encuentro para el intercambio de experiencias, sistematizaci\u00f3n metodol\u00f3gica, reflexi\u00f3n colectiva y producci\u00f3n te\u00f3rica.<\/strong><\/p>\n<p>Sus fines son:<\/p>\n\n<ul class=\"tick\">\n<li><strong>Defender los intereses comunes<\/strong> de las\u00a0Universidades Populares y las ATUP, que constituyen el Proyecto Universidad Popular.<\/li>\n<li><strong>Representar institucionalmente<\/strong> el Proyecto Universidad Popular, en los \u00e1mbitos nacional e internacional.<\/li>\n<li><strong>Promover el respeto y lealtad a la democracia y a los derechos humanos<\/strong>, as\u00ed como contribuir en la cooperaci\u00f3n al desarrollo y en la <strong>promoci\u00f3n de los valores de igualdad, justicia y solidaridad<\/strong>.<\/li>\n<li><strong>Contribuir a la obtenci\u00f3n de recursos<\/strong> para el mantenimiento del Proyecto Universidad Popular.<\/li>\n<li><strong>Facilitar y potenciar la formaci\u00f3n, la informaci\u00f3n y comunicaci\u00f3n<\/strong> en la Red de Universidades Populares.<\/li>\n<li><strong>Cumplir y hacer cumplir<\/strong> los Estatutos, Bases Conceptuales y Marco General de Programaci\u00f3n.<\/li>\n<li><strong>Apoyar la creaci\u00f3n de nuevas Universidades Populares<\/strong>.<\/li>\n<li><strong>Fomentar el asociacionismo<\/strong> entre las Universidades Populares, con la creaci\u00f3n y apoyo a las Asociaciones Territoriales de Universidades Populares<\/li>\n<\/ul>\n\n<div class=\"divider d2\"><\/div>\n<p>Presta sus servicios a las UU.PP. y a las ATUP, orientando sus actuaciones hacia el trabajo con toda la poblaci\u00f3n, prestando especial atenci\u00f3n a las personas y colectivos menos privilegiados y con mayores barreras en el acceso al uso y disfrute de los bienes y servicios educativos, formativos y socioculturales.<\/p>\n<blockquote><p>La Federaci\u00f3n, deber\u00e1 velar por el cumplimiento de las Bases Conceptuales de las Universidades Populares, como <strong>\u201cProyecto de Desarrollo Cultural, que act\u00faa en el municipio, con el objetivo de promover la participaci\u00f3n social, la educaci\u00f3n, la formaci\u00f3n y la cultura, para mejorar la calidad de vida de las personas y de la comunidad\u201d.<\/strong><\/p><\/blockquote>\n","protected":false},"excerpt":{"rendered":"<p>Fines y objetivos La FEUP representa las Universidades Populares y las Asociaciones Territoriales de Universidades Populares (ATUP) como espacio de encuentro para el intercambio de experiencias, sistematizaci\u00f3n metodol\u00f3gica, reflexi\u00f3n colectiva y producci\u00f3n te\u00f3rica. Sus fines son: Presta sus servicios a las UU.PP. y a las ATUP, orientando sus actuaciones hacia el trabajo con toda la [&hellip;]<\/p>\n","protected":false},"author":1,"featured_media":0,"parent":0,"menu_order":0,"comment_status":"0","ping_status":"closed","template":"","meta":{"footnotes":""},"class_list":["post-33","page","type-page","status-publish","hentry"],"_links":{"self":[{"href":"https:\/\/feup.org\/web\/wp-json\/wp\/v2\/pages\/33","targetHints":{"allow":["GET"]}}],"collection":[{"href":"https:\/\/feup.org\/web\/wp-json\/wp\/v2\/pages"}],"about":[{"href":"https:\/\/feup.org\/web\/wp-json\/wp\/v2\/types\/page"}],"author":[{"embeddable":true,"href":"https:\/\/feup.org\/web\/wp-json\/wp\/v2\/users\/1"}],"replies":[{"embeddable":true,"href":"https:\/\/feup.org\/web\/wp-json\/wp\/v2\/comments?post=33"}],"version-history":[{"count":1,"href":"https:\/\/feup.org\/web\/wp-json\/wp\/v2\/pages\/33\/revisions"}],"predecessor-version":[{"id":56,"href":"https:\/\/feup.org\/web\/wp-json\/wp\/v2\/pages\/33\/revisions\/56"}],"wp:attachment":[{"href":"https:\/\/feup.org\/web\/wp-json\/wp\/v2\/media?parent=33"}],"curies":[{"name":"wp","href":"https:\/\/api.w.org\/{rel}","templated":true}]}}