{"id":5133,"date":"2024-10-08T17:11:11","date_gmt":"2024-10-08T17:11:11","guid":{"rendered":"https:\/\/feup.org\/web\/?page_id=5133"},"modified":"2024-10-08T18:15:46","modified_gmt":"2024-10-08T18:15:46","slug":"como-crear-una-u-p","status":"publish","type":"page","link":"https:\/\/feup.org\/web\/como-crear-una-u-p\/","title":{"rendered":"\u00bfC\u00f3mo crear una U.P.?"},"content":{"rendered":"\t\t<div data-elementor-type=\"wp-page\" data-elementor-id=\"5133\" class=\"elementor elementor-5133\">\n\t\t\t\t\t\t\t\t\t<section class=\"elementor-section elementor-top-section elementor-element elementor-element-65c253d7 elementor-section-boxed elementor-section-height-default elementor-section-height-default\" data-id=\"65c253d7\" data-element_type=\"section\">\n\t\t\t\t\t\t<div class=\"elementor-container elementor-column-gap-default\">\n\t\t\t\t\t<div class=\"elementor-column elementor-col-100 elementor-top-column elementor-element elementor-element-aa11f9c\" data-id=\"aa11f9c\" data-element_type=\"column\">\n\t\t\t<div class=\"elementor-widget-wrap elementor-element-populated\">\n\t\t\t\t\t\t\t\t<div class=\"elementor-element elementor-element-fb78c60 elementor-widget elementor-widget-text-editor\" data-id=\"fb78c60\" data-element_type=\"widget\" data-widget_type=\"text-editor.default\">\n\t\t\t\t<div class=\"elementor-widget-container\">\n\t\t\t<style>\/*! elementor - v3.6.1 - 23-03-2022 *\/\n.elementor-widget-text-editor.elementor-drop-cap-view-stacked .elementor-drop-cap{background-color:#818a91;color:#fff}.elementor-widget-text-editor.elementor-drop-cap-view-framed .elementor-drop-cap{color:#818a91;border:3px solid;background-color:transparent}.elementor-widget-text-editor:not(.elementor-drop-cap-view-default) .elementor-drop-cap{margin-top:8px}.elementor-widget-text-editor:not(.elementor-drop-cap-view-default) .elementor-drop-cap-letter{width:1em;height:1em}.elementor-widget-text-editor .elementor-drop-cap{float:left;text-align:center;line-height:1;font-size:50px}.elementor-widget-text-editor .elementor-drop-cap-letter{display:inline-block}<\/style>\t\t\t\t<section class=\"main single\"><article class=\"page\"><h1><\/h1><h1><span style=\"color: #b80909;\"><strong>\u00bfC\u00f3mo crear una U.P.?<\/strong><\/span><\/h1><p class=\"p1\"><span class=\"s1\">Las <b>Universidades Populares<\/b> son un Proyecto de desarrollo cultural cuyo \u00e1mbito territorial es el Municipio. Su creaci\u00f3n puede ser promovida por iniciativa de una Corporaci\u00f3n Municipal, Mancomunidad de Servicios, o bien por una asociaci\u00f3n con fines no lucrativos.<\/span><\/p><p class=\"p1\"><\/p><div class=\"box\"><h3>Para constituir una <b>Universidad Popular:<\/b><\/h3><p class=\"p1\" style=\"padding-left: 30px;\"><span class=\"s1\">1. Es imprescindible una clara <strong>voluntad<\/strong>.<\/span><\/p><p class=\"p1\" style=\"padding-left: 30px;\"><span class=\"s1\"> 2. Informaci\u00f3n sobre los <strong>compromisos<\/strong> que se contraen. <\/span><\/p><p class=\"p1\"><\/p><\/div><blockquote><p class=\"p1\" style=\"padding-left: 30px;\">Los fundamentos te\u00f3ricos, metodol\u00f3gicos y filos\u00f3ficos de la <b>Universidad Popular<\/b> estar\u00e1n en consonancia con las Bases Conceptuales y de Programaci\u00f3n aprobadas en el V Congreso de la <b>FEUP<\/b> que definen a las <b>Universidades Populares<\/b> como un \u201cProyecto de Desarrollo Cultural en el Municipio, dirigido a promover la Participaci\u00f3n Social y la Educaci\u00f3n Continua para mejorar la Calidad de Vida\u201d.<\/p><\/blockquote><section class=\"columns\"><article class=\"col col2\"><h3><span class=\"fa-stack fa-lg\"><i class=\"fa fa-circle fa-stack-2x\" style=\"color: #ff8400\"><\/i><i class=\"fa fa-camera fa-stack-1x\" style=\"color: #ffffff\"><\/i><\/span>&nbsp;Creaci\u00f3n de una U.P. por iniciativa municipal.<\/h3><p>Cada Ayuntamiento determinar\u00e1 la estructura organizativa e institucional que considere m\u00e1s adecuada para la Universidad Popular, de acuerdo con las necesidades, dimensi\u00f3n y \u00e1mbitos sobre los que desarrolle su funci\u00f3n la U.P.<\/p><p class=\"more\"><a href=\"#\"><\/a><a href=\"https:\/\/feup.org\/web\/u-p-iniciativa-municipal\/\">Leer m\u00e1s<\/a><\/p><\/article><article class=\"col col2\"><h3><span class=\"fa-stack fa-lg\"><i class=\"fa fa-circle fa-stack-2x\" style=\"color: #ff8400\"><\/i><i class=\"fa fa-search fa-stack-1x\" style=\"color: #ffffff\"><\/i><\/span>&nbsp;Creaci\u00f3n de una U.P. por iniciativa social.<\/h3><p>A trav\u00e9s de la construcci\u00f3n de una Asociaci\u00f3n con fines no lucrativos, al amparo de la Ley de Asociaciones, donde se establezcan los fines y objetivos de la asociaci\u00f3n, se puede poner en marcha una U.P.<\/p><p class=\"more\"><a href=\"#\"><\/a><a href=\"https:\/\/feup.org\/web\/u-p-iniciativa-social\/\">Leer m\u00e1s<\/a><\/p><\/article><\/section><h3><\/h3><p class=\"p3\"><\/p><\/article><\/section>\t\t\t\t\t\t<\/div>\n\t\t\t\t<\/div>\n\t\t\t\t\t<\/div>\n\t\t<\/div>\n\t\t\t\t\t\t\t<\/div>\n\t\t<\/section>\n\t\t\t\t\t\t\t<\/div>\n\t\t","protected":false},"excerpt":{"rendered":"<p>\u00bfC\u00f3mo crear una U.P.? Las Universidades Populares son un Proyecto de desarrollo cultural cuyo \u00e1mbito territorial es el Municipio. Su creaci\u00f3n puede ser promovida por iniciativa de una Corporaci\u00f3n Municipal, Mancomunidad de Servicios, o bien por una asociaci\u00f3n con fines no lucrativos. Para constituir una Universidad Popular: 1. Es imprescindible una clara voluntad. 2. Informaci\u00f3n [&hellip;]<\/p>\n","protected":false},"author":1,"featured_media":0,"parent":0,"menu_order":0,"comment_status":"0","ping_status":"closed","template":"","meta":{"footnotes":""},"class_list":["post-5133","page","type-page","status-publish","hentry"],"_links":{"self":[{"href":"https:\/\/feup.org\/web\/wp-json\/wp\/v2\/pages\/5133","targetHints":{"allow":["GET"]}}],"collection":[{"href":"https:\/\/feup.org\/web\/wp-json\/wp\/v2\/pages"}],"about":[{"href":"https:\/\/feup.org\/web\/wp-json\/wp\/v2\/types\/page"}],"author":[{"embeddable":true,"href":"https:\/\/feup.org\/web\/wp-json\/wp\/v2\/users\/1"}],"replies":[{"embeddable":true,"href":"https:\/\/feup.org\/web\/wp-json\/wp\/v2\/comments?post=5133"}],"version-history":[{"count":19,"href":"https:\/\/feup.org\/web\/wp-json\/wp\/v2\/pages\/5133\/revisions"}],"predecessor-version":[{"id":5174,"href":"https:\/\/feup.org\/web\/wp-json\/wp\/v2\/pages\/5133\/revisions\/5174"}],"wp:attachment":[{"href":"https:\/\/feup.org\/web\/wp-json\/wp\/v2\/media?parent=5133"}],"curies":[{"name":"wp","href":"https:\/\/api.w.org\/{rel}","templated":true}]}}