{"id":5142,"date":"2024-10-08T17:18:30","date_gmt":"2024-10-08T17:18:30","guid":{"rendered":"https:\/\/feup.org\/web\/?page_id=5142"},"modified":"2024-10-08T17:27:03","modified_gmt":"2024-10-08T17:27:03","slug":"como-programar-en-una-u-p","status":"publish","type":"page","link":"https:\/\/feup.org\/web\/como-programar-en-una-u-p\/","title":{"rendered":"C\u00f3mo programar en una U.P."},"content":{"rendered":"\t\t<div data-elementor-type=\"wp-page\" data-elementor-id=\"5142\" class=\"elementor elementor-5142\">\n\t\t\t\t\t\t\t\t\t<section class=\"elementor-section elementor-top-section elementor-element elementor-element-3bb42c3 elementor-section-boxed elementor-section-height-default elementor-section-height-default\" data-id=\"3bb42c3\" data-element_type=\"section\">\n\t\t\t\t\t\t<div class=\"elementor-container elementor-column-gap-default\">\n\t\t\t\t\t<div class=\"elementor-column elementor-col-100 elementor-top-column elementor-element elementor-element-8e5dad0\" data-id=\"8e5dad0\" data-element_type=\"column\">\n\t\t\t<div class=\"elementor-widget-wrap elementor-element-populated\">\n\t\t\t\t\t\t\t\t<div class=\"elementor-element elementor-element-2a3142d elementor-widget elementor-widget-text-editor\" data-id=\"2a3142d\" data-element_type=\"widget\" data-widget_type=\"text-editor.default\">\n\t\t\t\t<div class=\"elementor-widget-container\">\n\t\t\t<style>\/*! elementor - v3.6.1 - 23-03-2022 *\/\n.elementor-widget-text-editor.elementor-drop-cap-view-stacked .elementor-drop-cap{background-color:#818a91;color:#fff}.elementor-widget-text-editor.elementor-drop-cap-view-framed .elementor-drop-cap{color:#818a91;border:3px solid;background-color:transparent}.elementor-widget-text-editor:not(.elementor-drop-cap-view-default) .elementor-drop-cap{margin-top:8px}.elementor-widget-text-editor:not(.elementor-drop-cap-view-default) .elementor-drop-cap-letter{width:1em;height:1em}.elementor-widget-text-editor .elementor-drop-cap{float:left;text-align:center;line-height:1;font-size:50px}.elementor-widget-text-editor .elementor-drop-cap-letter{display:inline-block}<\/style>\t\t\t\t<section class=\"main single\"><article class=\"page\">\n<h1><span style=\"color: #b80909;\"><strong>\u00bfC\u00f3mo programar en una U.P.?<\/strong><\/span><\/h1>\n<h3>Objetivos generales de la programaci\u00f3n.<\/h3>\nLas Universidades Populares tienen como objetivo prioritario facilitar el acceso, de todas las personas, a la educaci\u00f3n, formaci\u00f3n y a los bienes culturales en sus respectivas comunidades.\n\nLos objetivos de las UU.PP. que confluyen desde los diferentes campos de trabajo son:\n<ul class=\"tick\">\n \t<li>Sensibilizar, motivar y facilitar el acceso de la ciudadan\u00eda a los bienes y servicios educativos, formativos y culturales.<\/li>\n \t<li>Potenciar el desarrollo personal y colectivo de favoreciendo el desarrollo de capacidades b\u00e1sicas, la adquisici\u00f3n y actualizaci\u00f3n de conocimientos, la expresi\u00f3n creativa , la convivencia y la tolerancia.<\/li>\n \t<li>Favorecer el desarrollo integral de las personas incorporando en los procesos de formaci\u00f3n y sensibilizaci\u00f3n una serie de temas transversales.<\/li>\n \t<li>Fomentar la participaci\u00f3n social, cultural, pol\u00edtica y econ\u00f3mica para la vertebraci\u00f3n social.<\/li>\n \t<li>Desarrollar procesos de formaci\u00f3n para el empleo que faciliten la incorporaci\u00f3n al mercado laboral, as\u00ed como la adaptaci\u00f3n a las nuevas transformaciones tecnol\u00f3gicas, productivas y organizativas.<\/li>\n \t<li>Impulsar las producciones culturales propias de las personas y grupos de la Universidad Popular y su difusi\u00f3n.<\/li>\n \t<li>Promover la integraci\u00f3n social a trav\u00e9s de la educaci\u00f3n y formaci\u00f3n, realizando programas espec\u00edficos con los colectivos m\u00e1s desfavorecidos.<\/li>\n \t<li>Facilitar el acceso y utilizaci\u00f3n de las nuevas tecnolog\u00edas.<\/li>\n<\/ul>\n<div class=\"divider d2\"><\/div>\n<div class=\"box\">\n<h3>\u00bfA qui\u00e9n dirige su acci\u00f3n?<\/h3>\n<p class=\"p1\">El acceso a la educaci\u00f3n de las personas adultas viene exigido por la obligaci\u00f3n de redistribuir los bienes y servicios culturales entre todos los ciudadanos y ciudadanas, para superar las faltas de oportunidad y responder a la evoluci\u00f3n acelerada a las transformaciones socioculturales y econ\u00f3micas y facilitar un desarrollo humano equilibrado.<\/p>\n<p class=\"p1\"><\/p>\n\n<\/div>\nLas UU.PP. promueven, as\u00ed, una oferta abierta a toda la poblaci\u00f3n para facilitar oportunidades de aprendizaje.\n\nEl trabajo con colectivos de poblaci\u00f3n se lleva a cabo en las UU.PP. con el objeto de conocer sus necesidades educativas como grupo social y enfocar la metodolog\u00eda de trabajo conforme a esas necesidades concretas. No se trata de estigmatizar en nuevas categor\u00edas a la poblaci\u00f3n y de contribuir al mantenimientos de esas categor\u00edas, se trata de favorecer la interrelaci\u00f3n entre los diferentes grupos de poblaci\u00f3n a trav\u00e9s de una perspectiva integradora, respetando la unidad que presenta el individuo y planteando la integraci\u00f3n plena de todos los colectivos en la sociedad en igualdad de condiciones.\n<blockquote>La FEUP promover\u00e1 el estudio, an\u00e1lisis e intercambio de experiencias que faciliten la detecci\u00f3n de las nuevas necesidades que vayan emergiendo en los diferentes colectivos, para tratar de dar respuestas a las mismas.<\/blockquote>\nDentro de los colectivos de incidencia, y en funci\u00f3n de las necesidades detectadas por las UU.PP. se incluyen:\n<ul class=\"tick\">\n \t<li>Mujeres<\/li>\n \t<li>J\u00f3venes<\/li>\n \t<li>Personas Mayores<\/li>\n \t<li>Menores<\/li>\n \t<li>Inmigrantes<\/li>\n \t<li>Personas que han de adaptarse al mundo laboral<\/li>\n \t<li>Otros colectivos<\/li>\n<\/ul>\n<\/article><\/section>\t\t\t\t\t\t<\/div>\n\t\t\t\t<\/div>\n\t\t\t\t\t<\/div>\n\t\t<\/div>\n\t\t\t\t\t\t\t<\/div>\n\t\t<\/section>\n\t\t\t\t\t\t\t<\/div>\n\t\t","protected":false},"excerpt":{"rendered":"<p>\u00bfC\u00f3mo programar en una U.P.? Objetivos generales de la programaci\u00f3n. Las Universidades Populares tienen como objetivo prioritario facilitar el acceso, de todas las personas, a la educaci\u00f3n, formaci\u00f3n y a los bienes culturales en sus respectivas comunidades. Los objetivos de las UU.PP. que confluyen desde los diferentes campos de trabajo son: Sensibilizar, motivar y facilitar [&hellip;]<\/p>\n","protected":false},"author":1,"featured_media":0,"parent":0,"menu_order":0,"comment_status":"0","ping_status":"closed","template":"","meta":{"footnotes":""},"class_list":["post-5142","page","type-page","status-publish","hentry"],"_links":{"self":[{"href":"https:\/\/feup.org\/web\/wp-json\/wp\/v2\/pages\/5142","targetHints":{"allow":["GET"]}}],"collection":[{"href":"https:\/\/feup.org\/web\/wp-json\/wp\/v2\/pages"}],"about":[{"href":"https:\/\/feup.org\/web\/wp-json\/wp\/v2\/types\/page"}],"author":[{"embeddable":true,"href":"https:\/\/feup.org\/web\/wp-json\/wp\/v2\/users\/1"}],"replies":[{"embeddable":true,"href":"https:\/\/feup.org\/web\/wp-json\/wp\/v2\/comments?post=5142"}],"version-history":[{"count":9,"href":"https:\/\/feup.org\/web\/wp-json\/wp\/v2\/pages\/5142\/revisions"}],"predecessor-version":[{"id":5165,"href":"https:\/\/feup.org\/web\/wp-json\/wp\/v2\/pages\/5142\/revisions\/5165"}],"wp:attachment":[{"href":"https:\/\/feup.org\/web\/wp-json\/wp\/v2\/media?parent=5142"}],"curies":[{"name":"wp","href":"https:\/\/api.w.org\/{rel}","templated":true}]}}