{"id":5159,"date":"2024-10-08T18:04:59","date_gmt":"2024-10-08T18:04:59","guid":{"rendered":"https:\/\/feup.org\/web\/?page_id=5159"},"modified":"2024-10-08T18:06:47","modified_gmt":"2024-10-08T18:06:47","slug":"u-p-iniciativa-municipal","status":"publish","type":"page","link":"https:\/\/feup.org\/web\/u-p-iniciativa-municipal\/","title":{"rendered":"U.P. Iniciativa Municipal"},"content":{"rendered":"\t\t<div data-elementor-type=\"wp-page\" data-elementor-id=\"5159\" class=\"elementor elementor-5159\">\n\t\t\t\t\t\t\t\t\t<section class=\"elementor-section elementor-top-section elementor-element elementor-element-569eb7b elementor-section-boxed elementor-section-height-default elementor-section-height-default\" data-id=\"569eb7b\" data-element_type=\"section\">\n\t\t\t\t\t\t<div class=\"elementor-container elementor-column-gap-default\">\n\t\t\t\t\t<div class=\"elementor-column elementor-col-100 elementor-top-column elementor-element elementor-element-524593d\" data-id=\"524593d\" data-element_type=\"column\">\n\t\t\t<div class=\"elementor-widget-wrap elementor-element-populated\">\n\t\t\t\t\t\t\t\t<div class=\"elementor-element elementor-element-b20b798 elementor-widget elementor-widget-text-editor\" data-id=\"b20b798\" data-element_type=\"widget\" data-widget_type=\"text-editor.default\">\n\t\t\t\t<div class=\"elementor-widget-container\">\n\t\t\t<style>\/*! elementor - v3.6.1 - 23-03-2022 *\/\n.elementor-widget-text-editor.elementor-drop-cap-view-stacked .elementor-drop-cap{background-color:#818a91;color:#fff}.elementor-widget-text-editor.elementor-drop-cap-view-framed .elementor-drop-cap{color:#818a91;border:3px solid;background-color:transparent}.elementor-widget-text-editor:not(.elementor-drop-cap-view-default) .elementor-drop-cap{margin-top:8px}.elementor-widget-text-editor:not(.elementor-drop-cap-view-default) .elementor-drop-cap-letter{width:1em;height:1em}.elementor-widget-text-editor .elementor-drop-cap{float:left;text-align:center;line-height:1;font-size:50px}.elementor-widget-text-editor .elementor-drop-cap-letter{display:inline-block}<\/style>\t\t\t\t<section class=\"main single\"><article class=\"page\"><h1><span style=\"color: #b80909;\"><strong>U.P. Iniciativa Municipal<\/strong><\/span><\/h1><p class=\"p3\"><span class=\"s1\"><b>Creaci\u00f3n de una Universidad Popular por Iniciativa Municipal. <\/b><\/span><\/p><p class=\"p5\"><\/p><p class=\"p5\"><span class=\"s1\">Cada <b>Ayuntamiento determinar\u00e1 la estructura organizativa e institucional <\/b>que considere m\u00e1s adecuada para la Universidad Popular, de acuerdo con las necesidades, dimensi\u00f3n y \u00e1mbitos sobre los que desarrolle su funci\u00f3n la U.P. <\/span><\/p><p class=\"p5\"><span class=\"s1\">Se tendr\u00e1n en cuenta como m\u00ednimo los siguientes puntos:<br> <\/span><\/p><p class=\"p5\"><\/p><ul class=\"accordion\"><li><a href=\"#\"><strong>Forma de Gesti\u00f3n<\/strong><\/a><div><ul class=\"ul1\"><li class=\"li8\"><span class=\"s3\"><i>Gesti\u00f3n Directa.<\/i><\/span><span class=\"s4\"> Dependiente de alguna Concejal\u00eda o Comisi\u00f3n Municipal.<\/span><\/li><li class=\"li8\"><span class=\"s3\"><i>\u00d3rgano Aut\u00f3nomo de Gesti\u00f3n<\/i><\/span><span class=\"s4\">. Mediante la creaci\u00f3n de un Patronato propio para la U.P., o adscripci\u00f3n a alguno ya existente.<\/span><\/li><li class=\"li8\"><span class=\"s3\"><i>Otras Modalidades<\/i><\/span><span class=\"s4\"><i>.<\/i> Puede ser v\u00e1lida cualquiera otra de las f\u00f3rmulas previstas en la Ley Reguladora de Bases de R\u00e9gimen Local, para la prestaci\u00f3n de servicios educativos, culturales y sociales<\/span><\/li><\/ul><p class=\"p5\"><\/p><\/div><\/li><li><a href=\"#\"><strong>Personal<\/strong><\/a><div><p><span class=\"s5\">El Ayuntamiento la dotar\u00e1 de una plantilla m\u00ednima y suficiente (Equipo T\u00e9cnico), ya sea de nueva contrataci\u00f3n o con personal <\/span><span class=\"s1\">adscrito anteriormente al Ayuntamiento, en funci\u00f3n de la dimensi\u00f3n de la UP, con el fin de garantizar la continuidad de los programas y proyectos.<\/span><\/p><p class=\"p5\"><\/p><\/div><\/li><li><a href=\"#\"><strong>Presupuesto<\/strong><\/a><div><p>El Ayuntamiento pondr\u00e1 a disposici\u00f3n de la U.P. una partida econ\u00f3mica, para atender los gastos de personal, actividades, mantenimiento, etc. Esta infraestructura b\u00e1sica de funcionamiento, constituye por s\u00ed misma una fuente de nuevos recursos, dependiendo de la propia capacidad de gesti\u00f3n, ya que puede obtener fondos a los que el Ayuntamiento no puede acceder, procedentes de instituciones p\u00fablicas o privadas y de la propia Federaci\u00f3n.<\/p><p class=\"p5\"><\/p><\/div><\/li><p class=\"p5\"><\/p><li><a href=\"#\"><b>Infraestructura<\/b><\/a><div><p>La UP requiere una m\u00ednima infraestructura de locales y equipamiento. Se pueden aprovechar las infraestructuras y equipamientos ya existentes.<\/p><p class=\"p5\"><\/p><\/div><\/li><p class=\"p5\"><\/p><li><a href=\"#\"><b>Programa<\/b><\/a><div><p>El Equipo T\u00e9cnico, teniendo en cuenta las prioridades marcadas desde los \u00f3rganos de gobierno de la U.P., elaborar\u00e1 la programaci\u00f3n anual precisa para el cumplimiento de los fines y objetivos, teniendo en cuenta los recursos existentes.<\/p><p class=\"p5\"><\/p><\/div><\/li><p class=\"p5\"><\/p><li><a href=\"#\"><b>\u00d3rgano de Participaci\u00f3n<\/b><\/a><div><p class=\"p1\"><span class=\"s1\">Se deber\u00e1n constituir \u00f3rganos participativos, ya sean de gesti\u00f3n o consultivos, en los que est\u00e9n presentes los estamentos que constituyen el Proyecto, con el fin de garantizar la participaci\u00f3n de cuantos asisten a las actividades de la U.P.<\/span><\/p><p class=\"p1\"><span class=\"s1\">*En todos los casos, los recursos materiales y humanos que conformen la U.P. puede ser como consecuencia de una reestructuraci\u00f3n de los servicios municipales implicados.<\/span><\/p><p class=\"p5\"><\/p><\/div><\/li><\/ul><p class=\"p5\"><span class=\"s1\"><\/span><\/p><div class=\"box\"><p><\/p><h3>\u00bfC\u00f3mo pertenecer a FEUP?<\/h3><p>Es necesario que se adopte un <b>acuerdo <\/b>para crear la U.P., y para adherirse a la Federaci\u00f3n Espa\u00f1ola de Universidades Populares. Este acuerdo puede adoptarse bien en el Pleno del Ayuntamiento, Mancomunidad de Servicios o en Comisi\u00f3n de Gobierno, por el que se constituya la Universidad Popular.<\/p><p class=\"p5\"><span class=\"s1\"><\/span><\/p><\/div><p><\/p><p class=\"p3\"><\/p><\/article><\/section>\t\t\t\t\t\t<\/div>\n\t\t\t\t<\/div>\n\t\t\t\t\t<\/div>\n\t\t<\/div>\n\t\t\t\t\t\t\t<\/div>\n\t\t<\/section>\n\t\t\t\t\t\t\t<\/div>\n\t\t","protected":false},"excerpt":{"rendered":"<p>U.P. Iniciativa Municipal Creaci\u00f3n de una Universidad Popular por Iniciativa Municipal. Cada Ayuntamiento determinar\u00e1 la estructura organizativa e institucional que considere m\u00e1s adecuada para la Universidad Popular, de acuerdo con las necesidades, dimensi\u00f3n y \u00e1mbitos sobre los que desarrolle su funci\u00f3n la U.P. Se tendr\u00e1n en cuenta como m\u00ednimo los siguientes puntos: Forma de Gesti\u00f3n [&hellip;]<\/p>\n","protected":false},"author":1,"featured_media":0,"parent":0,"menu_order":0,"comment_status":"0","ping_status":"closed","template":"","meta":{"footnotes":""},"class_list":["post-5159","page","type-page","status-publish","hentry"],"_links":{"self":[{"href":"https:\/\/feup.org\/web\/wp-json\/wp\/v2\/pages\/5159","targetHints":{"allow":["GET"]}}],"collection":[{"href":"https:\/\/feup.org\/web\/wp-json\/wp\/v2\/pages"}],"about":[{"href":"https:\/\/feup.org\/web\/wp-json\/wp\/v2\/types\/page"}],"author":[{"embeddable":true,"href":"https:\/\/feup.org\/web\/wp-json\/wp\/v2\/users\/1"}],"replies":[{"embeddable":true,"href":"https:\/\/feup.org\/web\/wp-json\/wp\/v2\/comments?post=5159"}],"version-history":[{"count":4,"href":"https:\/\/feup.org\/web\/wp-json\/wp\/v2\/pages\/5159\/revisions"}],"predecessor-version":[{"id":5164,"href":"https:\/\/feup.org\/web\/wp-json\/wp\/v2\/pages\/5159\/revisions\/5164"}],"wp:attachment":[{"href":"https:\/\/feup.org\/web\/wp-json\/wp\/v2\/media?parent=5159"}],"curies":[{"name":"wp","href":"https:\/\/api.w.org\/{rel}","templated":true}]}}