{"id":5175,"date":"2024-10-08T18:17:14","date_gmt":"2024-10-08T18:17:14","guid":{"rendered":"https:\/\/feup.org\/web\/?page_id=5175"},"modified":"2024-10-08T18:19:07","modified_gmt":"2024-10-08T18:19:07","slug":"u-p-iniciativa-social","status":"publish","type":"page","link":"https:\/\/feup.org\/web\/u-p-iniciativa-social\/","title":{"rendered":"U.P. Iniciativa Social"},"content":{"rendered":"\t\t<div data-elementor-type=\"wp-page\" data-elementor-id=\"5175\" class=\"elementor elementor-5175\">\n\t\t\t\t\t\t\t\t\t<section class=\"elementor-section elementor-top-section elementor-element elementor-element-c5e1512 elementor-section-boxed elementor-section-height-default elementor-section-height-default\" data-id=\"c5e1512\" data-element_type=\"section\">\n\t\t\t\t\t\t<div class=\"elementor-container elementor-column-gap-default\">\n\t\t\t\t\t<div class=\"elementor-column elementor-col-100 elementor-top-column elementor-element elementor-element-d58f1a0\" data-id=\"d58f1a0\" data-element_type=\"column\">\n\t\t\t<div class=\"elementor-widget-wrap elementor-element-populated\">\n\t\t\t\t\t\t\t\t<div class=\"elementor-element elementor-element-cfaf2b9 elementor-widget elementor-widget-text-editor\" data-id=\"cfaf2b9\" data-element_type=\"widget\" data-widget_type=\"text-editor.default\">\n\t\t\t\t<div class=\"elementor-widget-container\">\n\t\t\t<style>\/*! elementor - v3.6.1 - 23-03-2022 *\/\n.elementor-widget-text-editor.elementor-drop-cap-view-stacked .elementor-drop-cap{background-color:#818a91;color:#fff}.elementor-widget-text-editor.elementor-drop-cap-view-framed .elementor-drop-cap{color:#818a91;border:3px solid;background-color:transparent}.elementor-widget-text-editor:not(.elementor-drop-cap-view-default) .elementor-drop-cap{margin-top:8px}.elementor-widget-text-editor:not(.elementor-drop-cap-view-default) .elementor-drop-cap-letter{width:1em;height:1em}.elementor-widget-text-editor .elementor-drop-cap{float:left;text-align:center;line-height:1;font-size:50px}.elementor-widget-text-editor .elementor-drop-cap-letter{display:inline-block}<\/style>\t\t\t\t<section class=\"content wide \"><section class=\"main single\"><article class=\"page\">\n<h1><span style=\"color: #b80909;\"><strong>U.P. Iniciativa Social<\/strong><\/span><\/h1>\n<p class=\"p3\"><span class=\"s1\"><b>Creaci\u00f3n de una Universidad Popular por Iniciativa Social. <\/b><\/span><\/p>\n\n<ul>\n \t<li class=\"p1\"><span class=\"s5\">Existe la posibilidad de crear una<\/span><span class=\"s1\"> <b>Universidad Popular<\/b>, a trav\u00e9s de la construcci\u00f3n de una <b>Asociaci\u00f3n con fines no lucrativos<\/b>, al amparo de la Ley de Asociaciones, donde se establezcan los fines y objetivos de la asociaci\u00f3n.<\/span><\/li>\n \t<li class=\"p1\">La<strong> asociaci\u00f3n que soporte jur\u00eddicamente<\/strong> la U.P., deber\u00e1 asumir los principios que definen e identifican al Proyecto.<\/li>\n \t<li class=\"p1\">Deber\u00e1 <strong>contar con \u00f3rganos<\/strong> de gobierno y de gesti\u00f3n, presupuesto, infraestructura (locales propios o ajenos), personal (contratado o voluntario), programa, etc.<\/li>\n<\/ul>\n<\/article><\/section><a class=\"go-top\" href=\"#top\">Top<\/a>\n\n<\/section>\t\t\t\t\t\t<\/div>\n\t\t\t\t<\/div>\n\t\t\t\t\t<\/div>\n\t\t<\/div>\n\t\t\t\t\t\t\t<\/div>\n\t\t<\/section>\n\t\t\t\t\t\t\t<\/div>\n\t\t","protected":false},"excerpt":{"rendered":"<p>U.P. Iniciativa Social Creaci\u00f3n de una Universidad Popular por Iniciativa Social. Existe la posibilidad de crear una Universidad Popular, a trav\u00e9s de la construcci\u00f3n de una Asociaci\u00f3n con fines no lucrativos, al amparo de la Ley de Asociaciones, donde se establezcan los fines y objetivos de la asociaci\u00f3n. La asociaci\u00f3n que soporte jur\u00eddicamente la U.P., [&hellip;]<\/p>\n","protected":false},"author":1,"featured_media":0,"parent":0,"menu_order":0,"comment_status":"0","ping_status":"closed","template":"","meta":{"footnotes":""},"class_list":["post-5175","page","type-page","status-publish","hentry"],"_links":{"self":[{"href":"https:\/\/feup.org\/web\/wp-json\/wp\/v2\/pages\/5175","targetHints":{"allow":["GET"]}}],"collection":[{"href":"https:\/\/feup.org\/web\/wp-json\/wp\/v2\/pages"}],"about":[{"href":"https:\/\/feup.org\/web\/wp-json\/wp\/v2\/types\/page"}],"author":[{"embeddable":true,"href":"https:\/\/feup.org\/web\/wp-json\/wp\/v2\/users\/1"}],"replies":[{"embeddable":true,"href":"https:\/\/feup.org\/web\/wp-json\/wp\/v2\/comments?post=5175"}],"version-history":[{"count":3,"href":"https:\/\/feup.org\/web\/wp-json\/wp\/v2\/pages\/5175\/revisions"}],"predecessor-version":[{"id":5179,"href":"https:\/\/feup.org\/web\/wp-json\/wp\/v2\/pages\/5175\/revisions\/5179"}],"wp:attachment":[{"href":"https:\/\/feup.org\/web\/wp-json\/wp\/v2\/media?parent=5175"}],"curies":[{"name":"wp","href":"https:\/\/api.w.org\/{rel}","templated":true}]}}