{"id":60,"date":"2017-06-15T23:13:24","date_gmt":"2017-06-15T23:13:24","guid":{"rendered":"http:\/\/feup.org\/web\/?page_id=1111"},"modified":"2017-06-15T23:13:24","modified_gmt":"2017-06-15T23:13:24","slug":"universidades-populares","status":"publish","type":"page","link":"https:\/\/feup.org\/web\/universidades-populares\/","title":{"rendered":"Universidades Populares"},"content":{"rendered":"<h1><span style=\"color: #b80909;\"><strong>\u00bfQu\u00e9 son las Universidades Populares?<\/strong><\/span><\/h1>\n<p>\u201cLAS UNIVERSIDADES POPULARES SON UN PROYECTO DE DESARROLLO CULTURAL QUE ACT\u00daA EN EL MUNICIPIO, CUYO OBJETIVO ES PROMOVER LA PARTICIPACI\u00d3N SOCIAL, LA EDUCACI\u00d3N, LA FORMACI\u00d3N Y LA CULTURA, PARA MEJORAR LA CALIDAD DE VIDA DE LAS PERSONAS Y LA COMUNIDAD\u201d<br \/>\n(VII Congreso, Enero 2000)<\/p>\n<p>El Proyecto Universidad Popular es participativo, en el que la participaci\u00f3n es un m\u00e9todo de trabajo y un objetivo fundamental, en tanto que constituye un motor de cambio interno y externo.<\/p>\n","protected":false},"excerpt":{"rendered":"<p>\u00bfQu\u00e9 son las Universidades Populares? \u201cLAS UNIVERSIDADES POPULARES SON UN PROYECTO DE DESARROLLO CULTURAL QUE ACT\u00daA EN EL MUNICIPIO, CUYO OBJETIVO ES PROMOVER LA PARTICIPACI\u00d3N SOCIAL, LA EDUCACI\u00d3N, LA FORMACI\u00d3N Y LA CULTURA, PARA MEJORAR LA CALIDAD DE VIDA DE LAS PERSONAS Y LA COMUNIDAD\u201d (VII Congreso, Enero 2000) El Proyecto Universidad Popular es participativo, [&hellip;]<\/p>\n","protected":false},"author":1,"featured_media":0,"parent":0,"menu_order":0,"comment_status":"0","ping_status":"closed","template":"","meta":{"footnotes":""},"class_list":["post-60","page","type-page","status-publish","hentry"],"_links":{"self":[{"href":"https:\/\/feup.org\/web\/wp-json\/wp\/v2\/pages\/60","targetHints":{"allow":["GET"]}}],"collection":[{"href":"https:\/\/feup.org\/web\/wp-json\/wp\/v2\/pages"}],"about":[{"href":"https:\/\/feup.org\/web\/wp-json\/wp\/v2\/types\/page"}],"author":[{"embeddable":true,"href":"https:\/\/feup.org\/web\/wp-json\/wp\/v2\/users\/1"}],"replies":[{"embeddable":true,"href":"https:\/\/feup.org\/web\/wp-json\/wp\/v2\/comments?post=60"}],"version-history":[{"count":0,"href":"https:\/\/feup.org\/web\/wp-json\/wp\/v2\/pages\/60\/revisions"}],"wp:attachment":[{"href":"https:\/\/feup.org\/web\/wp-json\/wp\/v2\/media?parent=60"}],"curies":[{"name":"wp","href":"https:\/\/api.w.org\/{rel}","templated":true}]}}