{"id":69,"date":"2017-06-15T23:07:36","date_gmt":"2017-06-15T23:07:36","guid":{"rendered":"http:\/\/feup.org\/web\/?page_id=1104"},"modified":"2017-06-15T23:07:36","modified_gmt":"2017-06-15T23:07:36","slug":"que-es-la-feup","status":"publish","type":"page","link":"https:\/\/feup.org\/web\/que-es-la-feup\/","title":{"rendered":"\u00bfQu\u00e9 es FEUP?"},"content":{"rendered":"<h1><span style=\"color: #b80909;\"><strong>\u00bfQu\u00e9 es FEUP?<\/strong><\/span><\/h1>\n<p>Os mostramos un peque\u00f1o recorrido por la historia reciente de la Federaci\u00f3n Espa\u00f1ola de Universidades Populares.<\/p>\n<p class=\"p1\"><div class=\"timeline\"><div class=\"line\"><\/div>\n<ul class=\"timeline-events\">\n<p class=\"p1\"><li class=\"timeline-event\"><div class=\"event-body\">\n<p>En las UU.PP. trabajan 4.000 profesionales de la educaci\u00f3n y la formaci\u00f3n a lo largo de la vida y participan m\u00e1s de 2.500.000 de personas.<\/p>\n<\/div><\/li>\n<p class=\"p1\"><li class=\"timeline-event\"><div class=\"event-body\">\n<h3>Capilaridad y territorio.<\/h3>\n<p>M\u00e1s de 231 UU.PP., de toda Espa\u00f1a, est\u00e1n asociadas y trabajando en Red apoyadas por FEUP.<\/p>\n<\/div><\/li>\n<p class=\"p1\"><li class=\"timeline-event\"><div class=\"event-body\">\n<h3>Representaci\u00f3n internacional.<\/h3>\n<p>La FEUP es la organizaci\u00f3n espa\u00f1ola ante el <a href=\"http:\/\/www.icae2.org\/index.php\/es\/\">Consejo Internacional de Educaci\u00f3n de Adultos -ICAE-<\/a> y es miembro de la <a href=\"http:\/\/www.eaea.org\/\">Asociaci\u00f3n Europea de Educaci\u00f3n de Adultos -EAEA.<\/a><\/p>\n<\/div><\/li>\n<li class=\"timeline-milestone\">\n<h2>Actualmente<\/h2>\n<\/li>\n<p class=\"p1\"><li class=\"timeline-event\"><div class=\"event-body\">\n<h3>Nace FEUP.<\/h3>\n<p>Se constituye la Federaci\u00f3n Espa\u00f1ola de Universidades Populares (FEUP) como red de las\u00a0Universidades Populares espa\u00f1ola.<\/p>\n<p>En la mayor\u00eda de los casos est\u00e1n apoyadas por sus Gobiernos Locales.<\/p>\n<\/div><\/li>\n<li class=\"timeline-event\"><div class=\"event-body\">\n<h3>La fuerza est\u00e1 en la Red.<\/h3>\n<p>FEUP representa a las UU.PP. en los \u00e1mbitos nacional e internacional, para apoyar la puesta en valor de su gran experiencia y defender sus intereses.<\/p>\n<\/div><\/li>\n<h3><\/h3>\n<li class=\"timeline-milestone\">\n<h2>1.982<\/h2>\n<\/li>\n<li class=\"timeline-event\"><div class=\"event-body\">\n<h3>Acceso democr\u00e1tico.<\/h3>\n<p>A partir de los ayuntamientos democr\u00e1ticos, se inicia una nueva etapa en su implantaci\u00f3n que se extiende hasta la actualidad.<\/p>\n<\/div><\/li>\n<p class=\"p1\"><li class=\"timeline-event\"><div class=\"event-body\">\n<p>En la mayor\u00eda de los casos est\u00e1n apoyadas por sus Gobiernos Locales.<\/p>\n<\/div><\/li>\n<li class=\"timeline-milestone\">\n<h2>1.981<\/h2>\n<\/li>\n<li class=\"timeline-event\"><div class=\"event-body\">\n<h3>Gran legado cultural.<\/h3>\n<p>Movimiento de UU.PP. vinculado \u00a0a intelectuales relevantes de la cultura y la pol\u00edtica, como: Blasco Ib\u00e1\u00f1ez (Valencia 1.903), Antonio Machado (Segovia 1.919)\u2026.<\/p>\n<\/div><\/li>\n<li class=\"timeline-event\"><div class=\"event-body\">\n<h3>Primeros pasos.<\/h3>\n<p>Las Universidades Populares (UU.PP.) inician su andadura en 1.901 (Oviedo Avil\u00e9s).<\/p>\n<\/div><\/li>\n<p>&nbsp;<\/p><\/ul>\n<div class=\"timeline-begin\">\n<h2>1.901<\/h2>\n<p>Inicio UUPP<\/p>\n<\/div>\n<\/div>\n","protected":false},"excerpt":{"rendered":"<p>\u00bfQu\u00e9 es FEUP? Os mostramos un peque\u00f1o recorrido por la historia reciente de la Federaci\u00f3n Espa\u00f1ola de Universidades Populares.<\/p>\n","protected":false},"author":1,"featured_media":0,"parent":0,"menu_order":0,"comment_status":"0","ping_status":"closed","template":"","meta":{"footnotes":""},"class_list":["post-69","page","type-page","status-publish","hentry"],"_links":{"self":[{"href":"https:\/\/feup.org\/web\/wp-json\/wp\/v2\/pages\/69","targetHints":{"allow":["GET"]}}],"collection":[{"href":"https:\/\/feup.org\/web\/wp-json\/wp\/v2\/pages"}],"about":[{"href":"https:\/\/feup.org\/web\/wp-json\/wp\/v2\/types\/page"}],"author":[{"embeddable":true,"href":"https:\/\/feup.org\/web\/wp-json\/wp\/v2\/users\/1"}],"replies":[{"embeddable":true,"href":"https:\/\/feup.org\/web\/wp-json\/wp\/v2\/comments?post=69"}],"version-history":[{"count":0,"href":"https:\/\/feup.org\/web\/wp-json\/wp\/v2\/pages\/69\/revisions"}],"wp:attachment":[{"href":"https:\/\/feup.org\/web\/wp-json\/wp\/v2\/media?parent=69"}],"curies":[{"name":"wp","href":"https:\/\/api.w.org\/{rel}","templated":true}]}}